{"id":48,"date":"2023-05-07T14:02:13","date_gmt":"2023-05-07T14:02:13","guid":{"rendered":"https:\/\/homelessmortality.wgsr.uw.edu.pl\/?page_id=48"},"modified":"2024-02-04T04:22:19","modified_gmt":"2024-02-04T04:22:19","slug":"o-projekcie","status":"publish","type":"page","link":"https:\/\/homelessmortality.wgsr.uw.edu.pl\/?page_id=48","title":{"rendered":"O projekcie"},"content":{"rendered":"\n<p>&#8222;Dane o \u015bmierci os\u00f3b do\u015bwiadczaj\u0105cych bezdomno\u015bci w Polsce&#8221; to niewielki projekt eksploruj\u0105cy mo\u017cliwo\u015bci zebrania i wykorzystania danych o \u015bmiertelno\u015bci do wskazania luk w systemie wsparcia w Polsce. <\/p>\n\n\n\n<figure class=\"wp-block-image size-full\"><img loading=\"lazy\" decoding=\"async\" width=\"304\" height=\"304\" src=\"https:\/\/homelessmortality.wgsr.uw.edu.pl\/wp-content\/uploads\/2023\/04\/Magdalena-foto2022-1-edited.jpg\" alt=\"\" class=\"wp-image-42\" srcset=\"https:\/\/homelessmortality.wgsr.uw.edu.pl\/wp-content\/uploads\/2023\/04\/Magdalena-foto2022-1-edited.jpg 304w, https:\/\/homelessmortality.wgsr.uw.edu.pl\/wp-content\/uploads\/2023\/04\/Magdalena-foto2022-1-edited-300x300.jpg 300w, https:\/\/homelessmortality.wgsr.uw.edu.pl\/wp-content\/uploads\/2023\/04\/Magdalena-foto2022-1-edited-150x150.jpg 150w\" sizes=\"auto, (max-width: 304px) 100vw, 304px\" \/><\/figure>\n\n\n\n<p><strong>Magdalena Mostowska <\/strong>socjolo\u017cka na Wydziale Geografii i Studi\u00f3w Regionalnych Uniwersytetu Warszawskiego. Przeprowadzi\u0142a kilka projekt\u00f3w dotycz\u0105ych bezdomno\u015bci (mi\u0119dzy innymi migrant\u00f3w i kobiet) w Polsce, Europie i Stanach Zjednoczonych.<\/p>\n\n\n\n<hr class=\"wp-block-separator has-alpha-channel-opacity\"\/>\n\n\n\n<figure class=\"wp-block-image size-full\"><img loading=\"lazy\" decoding=\"async\" width=\"320\" height=\"323\" src=\"https:\/\/homelessmortality.wgsr.uw.edu.pl\/wp-content\/uploads\/2023\/05\/Ewelina-1.jpg\" alt=\"\" class=\"wp-image-66\" srcset=\"https:\/\/homelessmortality.wgsr.uw.edu.pl\/wp-content\/uploads\/2023\/05\/Ewelina-1.jpg 320w, https:\/\/homelessmortality.wgsr.uw.edu.pl\/wp-content\/uploads\/2023\/05\/Ewelina-1-297x300.jpg 297w, https:\/\/homelessmortality.wgsr.uw.edu.pl\/wp-content\/uploads\/2023\/05\/Ewelina-1-150x150.jpg 150w\" sizes=\"auto, (max-width: 320px) 100vw, 320px\" \/><\/figure>\n\n\n<p><strong>Ewelina Biczy\u0144ska <\/strong>socjolo\u017cka i geografika, wyk\u0142ada na Wydziale Geografii i Studi\u00f3w Regionalnych Uniwersytetu Warszawskiego. Jej zainteresowania badawcze skupiaj\u0105 si\u0119 wok\u00f3\u0142 sprawiedliwo\u015bci spo\u0142ecznej, spo\u0142ecznej i miejskiej transformacji oraz problem\u00f3w spo\u0142ecznych szczeg\u00f3lnie w Ameryce \u0141aci\u0144skiej. Bra\u0142a udzia\u0142 w kilku projektach naukowych dotycz\u0105cych zmian i rozwoju miast i region\u00f3w w Ameryce \u0141aci\u0144skiej. Ma tak\u017ce ponad dwunastoletnie do\u015bwiadczenie w ilo\u015bciowych badaniach rynku.<strong><br \/><\/strong><\/p>\n\n\n<hr class=\"wp-block-separator has-alpha-channel-opacity\"\/>\n\n\n\n<p>Strona powstaje w ramach realizacji projektu badawczego nr 2022\/45\/B\/HS6\/00322 finansowanego ze \u015brodk\u00f3w Narodowego Centrum Nauki.<\/p>\n\n\n\n<h3 class=\"wp-block-heading\">Napisz do nas<\/h3>\n\n\n\n<p><\/p>\n\n\n\n<p>Wydzia\u0142 Geografii i Studi\u00f3w Regionalnych Uniwersytetu Warszawskiego<\/p>\n\n\n\n<p>Krakowskie Przedmie\u015bcie 26\/28<\/p>\n\n\n\n<p>00-927 Warszawa<\/p>\n\n\n\n<p><a href=\"mailto:example@example.com\">homeless.mortality@gmail.com<\/a><\/p>\n\n\n\n<p><\/p>\n","protected":false},"excerpt":{"rendered":"<p>&#8222;Dane o \u015bmierci os\u00f3b do\u015bwiadczaj\u0105cych bezdomno\u015bci w Polsce&#8221; to niewielki projekt eksploruj\u0105cy mo\u017cliwo\u015bci zebrania i wykorzystania danych o \u015bmiertelno\u015bci do wskazania luk w systemie wsparcia w Polsce. Magdalena Mostowska socjolo\u017cka na Wydziale Geografii i Studi\u00f3w Regionalnych Uniwersytetu Warszawskiego. Przeprowadzi\u0142a kilka projekt\u00f3w dotycz\u0105ych bezdomno\u015bci (mi\u0119dzy innymi migrant\u00f3w i kobiet) w Polsce, Europie i Stanach Zjednoczonych. Ewelina &hellip; <\/p>\n<p class=\"link-more\"><a href=\"https:\/\/homelessmortality.wgsr.uw.edu.pl\/?page_id=48\" class=\"more-link\">Czytaj dalej<span class=\"screen-reader-text\"> \u201eO projekcie\u201d<\/span><\/a><\/p>\n","protected":false},"author":2,"featured_media":0,"parent":0,"menu_order":0,"comment_status":"closed","ping_status":"closed","template":"","meta":{"footnotes":""},"class_list":["post-48","page","type-page","status-publish","hentry","entry"],"_links":{"self":[{"href":"https:\/\/homelessmortality.wgsr.uw.edu.pl\/index.php?rest_route=\/wp\/v2\/pages\/48","targetHints":{"allow":["GET"]}}],"collection":[{"href":"https:\/\/homelessmortality.wgsr.uw.edu.pl\/index.php?rest_route=\/wp\/v2\/pages"}],"about":[{"href":"https:\/\/homelessmortality.wgsr.uw.edu.pl\/index.php?rest_route=\/wp\/v2\/types\/page"}],"author":[{"embeddable":true,"href":"https:\/\/homelessmortality.wgsr.uw.edu.pl\/index.php?rest_route=\/wp\/v2\/users\/2"}],"replies":[{"embeddable":true,"href":"https:\/\/homelessmortality.wgsr.uw.edu.pl\/index.php?rest_route=%2Fwp%2Fv2%2Fcomments&post=48"}],"version-history":[{"count":11,"href":"https:\/\/homelessmortality.wgsr.uw.edu.pl\/index.php?rest_route=\/wp\/v2\/pages\/48\/revisions"}],"predecessor-version":[{"id":170,"href":"https:\/\/homelessmortality.wgsr.uw.edu.pl\/index.php?rest_route=\/wp\/v2\/pages\/48\/revisions\/170"}],"wp:attachment":[{"href":"https:\/\/homelessmortality.wgsr.uw.edu.pl\/index.php?rest_route=%2Fwp%2Fv2%2Fmedia&parent=48"}],"curies":[{"name":"wp","href":"https:\/\/api.w.org\/{rel}","templated":true}]}}